{"id":11236,"date":"2021-05-06T11:31:31","date_gmt":"2021-05-06T11:31:31","guid":{"rendered":"https:\/\/ltt.hr\/deutsch\/?page_id=11236"},"modified":"2021-05-12T09:14:19","modified_gmt":"2021-05-12T09:14:19","slug":"cnc-drehen","status":"publish","type":"page","link":"https:\/\/ltt.hr\/deutsch\/cnc-drehen\/","title":{"rendered":"CNC-Drehen"},"content":{"rendered":"\n<p>Das Drehen ist ein Prozess der Metallverarbeitung durch Entfernen von Partikeln, die Rotationen rotierender Oberfl\u00e4chen (Walzenprodukte) erzeugen. Es wird an Werkzeugmaschinen mit Drehmaschinen durchgef\u00fchrt. Das Werkst\u00fcck f\u00fchrt die Hauptbewegung aus, w\u00e4hrend das Werkzeug Scher-, Vorbereitungs- und F\u00f6rderbewegungen ausf\u00fchrt. Das Drehen kann auf verschiedene Arten unterteilt werden: je nach Form der gedrehten Fl\u00e4che, je nach Position der gedrehten Fl\u00e4che, je nach Kinematik der Messerbewegung, je nach Qualit\u00e4t der bearbeiteten Fl\u00e4che.<\/p>\n\n\n\n<div class=\"wp-block-cover has-background-dim\"><img loading=\"lazy\" decoding=\"async\" width=\"1153\" height=\"760\" class=\"wp-block-cover__image-background wp-image-11238\" alt=\"\" src=\"https:\/\/ltt.hr\/deutsch\/wp-content\/uploads\/2021\/05\/Tokarenje6-1.jpg\" data-object-fit=\"cover\" srcset=\"https:\/\/ltt.hr\/deutsch\/wp-content\/uploads\/2021\/05\/Tokarenje6-1.jpg 1153w, https:\/\/ltt.hr\/deutsch\/wp-content\/uploads\/2021\/05\/Tokarenje6-1-300x198.jpg 300w, https:\/\/ltt.hr\/deutsch\/wp-content\/uploads\/2021\/05\/Tokarenje6-1-1024x675.jpg 1024w, https:\/\/ltt.hr\/deutsch\/wp-content\/uploads\/2021\/05\/Tokarenje6-1-768x506.jpg 768w\" sizes=\"auto, (max-width: 1153px) 100vw, 1153px\" \/><div class=\"wp-block-cover__inner-container is-layout-flow wp-block-cover-is-layout-flow\">\n<p class=\"has-text-align-center has-large-font-size\"><\/p>\n<\/div><\/div>\n\n\n\n<hr class=\"wp-block-separator\"\/>\n\n\n\n<div class=\"wp-block-media-text alignwide is-stacked-on-mobile\"><figure class=\"wp-block-media-text__media\"><img loading=\"lazy\" decoding=\"async\" width=\"1024\" height=\"614\" src=\"https:\/\/ltt.hr\/deutsch\/wp-content\/uploads\/2021\/05\/TokarskiStroj-1024x614.jpg\" alt=\"\" class=\"wp-image-11351 size-full\" srcset=\"https:\/\/ltt.hr\/deutsch\/wp-content\/uploads\/2021\/05\/TokarskiStroj-1024x614.jpg 1024w, https:\/\/ltt.hr\/deutsch\/wp-content\/uploads\/2021\/05\/TokarskiStroj-300x180.jpg 300w, https:\/\/ltt.hr\/deutsch\/wp-content\/uploads\/2021\/05\/TokarskiStroj-768x460.jpg 768w, https:\/\/ltt.hr\/deutsch\/wp-content\/uploads\/2021\/05\/TokarskiStroj-1536x921.jpg 1536w, https:\/\/ltt.hr\/deutsch\/wp-content\/uploads\/2021\/05\/TokarskiStroj-570x342.jpg 570w, https:\/\/ltt.hr\/deutsch\/wp-content\/uploads\/2021\/05\/TokarskiStroj.jpg 1600w\" sizes=\"auto, (max-width: 1024px) 100vw, 1024px\" \/><\/figure><div class=\"wp-block-media-text__content\">\n<p style=\"font-size:24px\">Mechanische Metallbearbeitung bis zur Gr\u00f6\u00dfe 150 mm<\/p>\n<\/div><\/div>\n\n\n\n<hr class=\"wp-block-separator\"\/>\n\n\n\n<div class=\"wp-block-columns is-layout-flex wp-container-core-columns-is-layout-9d6595d7 wp-block-columns-is-layout-flex\">\n<div class=\"wp-block-column is-layout-flow wp-block-column-is-layout-flow\">\n<div class=\"wp-block-image\"><figure class=\"aligncenter size-large\"><a href=\"https:\/\/ltt.hr\/deutsch\/wp-content\/uploads\/2021\/05\/Tokarenje1-1.jpg\"><img loading=\"lazy\" decoding=\"async\" width=\"1024\" height=\"576\" src=\"https:\/\/ltt.hr\/deutsch\/wp-content\/uploads\/2021\/05\/Tokarenje1-1-1024x576.jpg\" alt=\"\" class=\"wp-image-11259\" srcset=\"https:\/\/ltt.hr\/deutsch\/wp-content\/uploads\/2021\/05\/Tokarenje1-1-1024x576.jpg 1024w, https:\/\/ltt.hr\/deutsch\/wp-content\/uploads\/2021\/05\/Tokarenje1-1-300x169.jpg 300w, https:\/\/ltt.hr\/deutsch\/wp-content\/uploads\/2021\/05\/Tokarenje1-1-768x432.jpg 768w, https:\/\/ltt.hr\/deutsch\/wp-content\/uploads\/2021\/05\/Tokarenje1-1.jpg 1366w\" sizes=\"auto, (max-width: 1024px) 100vw, 1024px\" \/><\/a><\/figure><\/div>\n<\/div>\n\n\n\n<div class=\"wp-block-column is-layout-flow wp-block-column-is-layout-flow\">\n<div class=\"wp-block-image\"><figure class=\"aligncenter size-large\"><a href=\"https:\/\/ltt.hr\/deutsch\/wp-content\/uploads\/2021\/05\/Tokarenje2-1.jpg\"><img loading=\"lazy\" decoding=\"async\" width=\"1024\" height=\"576\" src=\"https:\/\/ltt.hr\/deutsch\/wp-content\/uploads\/2021\/05\/Tokarenje2-1-1024x576.jpg\" alt=\"\" class=\"wp-image-11258\" srcset=\"https:\/\/ltt.hr\/deutsch\/wp-content\/uploads\/2021\/05\/Tokarenje2-1-1024x576.jpg 1024w, https:\/\/ltt.hr\/deutsch\/wp-content\/uploads\/2021\/05\/Tokarenje2-1-300x169.jpg 300w, https:\/\/ltt.hr\/deutsch\/wp-content\/uploads\/2021\/05\/Tokarenje2-1-768x432.jpg 768w, https:\/\/ltt.hr\/deutsch\/wp-content\/uploads\/2021\/05\/Tokarenje2-1.jpg 1366w\" sizes=\"auto, (max-width: 1024px) 100vw, 1024px\" \/><\/a><\/figure><\/div>\n<\/div>\n\n\n\n<div class=\"wp-block-column is-layout-flow wp-block-column-is-layout-flow\">\n<div class=\"wp-block-image\"><figure class=\"aligncenter size-large\"><a href=\"https:\/\/ltt.hr\/deutsch\/wp-content\/uploads\/2021\/05\/Glodanje1-4.jpg\"><img loading=\"lazy\" decoding=\"async\" width=\"1024\" height=\"576\" src=\"https:\/\/ltt.hr\/deutsch\/wp-content\/uploads\/2021\/05\/Glodanje1-4-1024x576.jpg\" alt=\"\" class=\"wp-image-11256\" srcset=\"https:\/\/ltt.hr\/deutsch\/wp-content\/uploads\/2021\/05\/Glodanje1-4-1024x576.jpg 1024w, https:\/\/ltt.hr\/deutsch\/wp-content\/uploads\/2021\/05\/Glodanje1-4-300x169.jpg 300w, https:\/\/ltt.hr\/deutsch\/wp-content\/uploads\/2021\/05\/Glodanje1-4-768x432.jpg 768w, https:\/\/ltt.hr\/deutsch\/wp-content\/uploads\/2021\/05\/Glodanje1-4.jpg 1366w\" sizes=\"auto, (max-width: 1024px) 100vw, 1024px\" \/><\/a><\/figure><\/div>\n<\/div>\n<\/div>\n\n\n\n<div class=\"wp-block-columns is-layout-flex wp-container-core-columns-is-layout-9d6595d7 wp-block-columns-is-layout-flex\">\n<div class=\"wp-block-column is-layout-flow wp-block-column-is-layout-flow\">\n<div class=\"wp-block-image\"><figure class=\"aligncenter size-large\"><a href=\"https:\/\/ltt.hr\/deutsch\/wp-content\/uploads\/2021\/05\/Tokarenje3.jpg\"><img loading=\"lazy\" decoding=\"async\" width=\"1024\" height=\"576\" src=\"https:\/\/ltt.hr\/deutsch\/wp-content\/uploads\/2021\/05\/Tokarenje3-1024x576.jpg\" alt=\"\" class=\"wp-image-11257\" srcset=\"https:\/\/ltt.hr\/deutsch\/wp-content\/uploads\/2021\/05\/Tokarenje3-1024x576.jpg 1024w, https:\/\/ltt.hr\/deutsch\/wp-content\/uploads\/2021\/05\/Tokarenje3-300x169.jpg 300w, https:\/\/ltt.hr\/deutsch\/wp-content\/uploads\/2021\/05\/Tokarenje3-768x432.jpg 768w, https:\/\/ltt.hr\/deutsch\/wp-content\/uploads\/2021\/05\/Tokarenje3.jpg 1366w\" sizes=\"auto, (max-width: 1024px) 100vw, 1024px\" \/><\/a><\/figure><\/div>\n\n\n\n<div class=\"wp-block-image\"><figure class=\"aligncenter size-large\"><a href=\"https:\/\/ltt.hr\/deutsch\/wp-content\/uploads\/2021\/05\/Tokarenje8.jpg\"><img loading=\"lazy\" decoding=\"async\" width=\"1024\" height=\"576\" src=\"https:\/\/ltt.hr\/deutsch\/wp-content\/uploads\/2021\/05\/Tokarenje8-1024x576.jpg\" alt=\"\" class=\"wp-image-11343\" srcset=\"https:\/\/ltt.hr\/deutsch\/wp-content\/uploads\/2021\/05\/Tokarenje8-1024x576.jpg 1024w, https:\/\/ltt.hr\/deutsch\/wp-content\/uploads\/2021\/05\/Tokarenje8-300x169.jpg 300w, https:\/\/ltt.hr\/deutsch\/wp-content\/uploads\/2021\/05\/Tokarenje8-768x432.jpg 768w, https:\/\/ltt.hr\/deutsch\/wp-content\/uploads\/2021\/05\/Tokarenje8.jpg 1366w\" sizes=\"auto, (max-width: 1024px) 100vw, 1024px\" \/><\/a><\/figure><\/div>\n<\/div>\n\n\n\n<div class=\"wp-block-column is-layout-flow wp-block-column-is-layout-flow\">\n<div class=\"wp-block-image\"><figure class=\"aligncenter size-large\"><a href=\"https:\/\/ltt.hr\/deutsch\/wp-content\/uploads\/2021\/05\/Tokarenje4-1.jpg\"><img loading=\"lazy\" decoding=\"async\" width=\"1024\" height=\"576\" src=\"https:\/\/ltt.hr\/deutsch\/wp-content\/uploads\/2021\/05\/Tokarenje4-1-1024x576.jpg\" alt=\"\" class=\"wp-image-11255\" srcset=\"https:\/\/ltt.hr\/deutsch\/wp-content\/uploads\/2021\/05\/Tokarenje4-1-1024x576.jpg 1024w, https:\/\/ltt.hr\/deutsch\/wp-content\/uploads\/2021\/05\/Tokarenje4-1-300x169.jpg 300w, https:\/\/ltt.hr\/deutsch\/wp-content\/uploads\/2021\/05\/Tokarenje4-1-768x432.jpg 768w, https:\/\/ltt.hr\/deutsch\/wp-content\/uploads\/2021\/05\/Tokarenje4-1.jpg 1366w\" sizes=\"auto, (max-width: 1024px) 100vw, 1024px\" \/><\/a><\/figure><\/div>\n\n\n\n<div class=\"wp-block-image\"><figure class=\"aligncenter size-large\"><a href=\"https:\/\/ltt.hr\/deutsch\/wp-content\/uploads\/2021\/05\/Tokarenje9.jpg\"><img loading=\"lazy\" decoding=\"async\" width=\"1024\" height=\"576\" src=\"https:\/\/ltt.hr\/deutsch\/wp-content\/uploads\/2021\/05\/Tokarenje9-1024x576.jpg\" alt=\"\" class=\"wp-image-11336\" srcset=\"https:\/\/ltt.hr\/deutsch\/wp-content\/uploads\/2021\/05\/Tokarenje9-1024x576.jpg 1024w, https:\/\/ltt.hr\/deutsch\/wp-content\/uploads\/2021\/05\/Tokarenje9-300x169.jpg 300w, https:\/\/ltt.hr\/deutsch\/wp-content\/uploads\/2021\/05\/Tokarenje9-768x432.jpg 768w, https:\/\/ltt.hr\/deutsch\/wp-content\/uploads\/2021\/05\/Tokarenje9.jpg 1366w\" sizes=\"auto, (max-width: 1024px) 100vw, 1024px\" \/><\/a><\/figure><\/div>\n<\/div>\n\n\n\n<div class=\"wp-block-column is-layout-flow wp-block-column-is-layout-flow\">\n<div class=\"wp-block-image\"><figure class=\"aligncenter size-large\"><a href=\"https:\/\/ltt.hr\/deutsch\/wp-content\/uploads\/2021\/05\/Tokarenje5.jpg\"><img loading=\"lazy\" decoding=\"async\" width=\"1024\" height=\"576\" src=\"https:\/\/ltt.hr\/deutsch\/wp-content\/uploads\/2021\/05\/Tokarenje5-1024x576.jpg\" alt=\"\" class=\"wp-image-11254\" srcset=\"https:\/\/ltt.hr\/deutsch\/wp-content\/uploads\/2021\/05\/Tokarenje5-1024x576.jpg 1024w, https:\/\/ltt.hr\/deutsch\/wp-content\/uploads\/2021\/05\/Tokarenje5-300x169.jpg 300w, https:\/\/ltt.hr\/deutsch\/wp-content\/uploads\/2021\/05\/Tokarenje5-768x432.jpg 768w, https:\/\/ltt.hr\/deutsch\/wp-content\/uploads\/2021\/05\/Tokarenje5.jpg 1366w\" sizes=\"auto, (max-width: 1024px) 100vw, 1024px\" \/><\/a><\/figure><\/div>\n\n\n\n<div class=\"wp-block-image\"><figure class=\"aligncenter size-large\"><a href=\"https:\/\/ltt.hr\/deutsch\/wp-content\/uploads\/2021\/05\/Tokarenje12.jpg\"><img loading=\"lazy\" decoding=\"async\" width=\"1024\" height=\"576\" src=\"https:\/\/ltt.hr\/deutsch\/wp-content\/uploads\/2021\/05\/Tokarenje12-1024x576.jpg\" alt=\"\" class=\"wp-image-11335\" srcset=\"https:\/\/ltt.hr\/deutsch\/wp-content\/uploads\/2021\/05\/Tokarenje12-1024x576.jpg 1024w, https:\/\/ltt.hr\/deutsch\/wp-content\/uploads\/2021\/05\/Tokarenje12-300x169.jpg 300w, https:\/\/ltt.hr\/deutsch\/wp-content\/uploads\/2021\/05\/Tokarenje12-768x432.jpg 768w, https:\/\/ltt.hr\/deutsch\/wp-content\/uploads\/2021\/05\/Tokarenje12.jpg 1366w\" sizes=\"auto, (max-width: 1024px) 100vw, 1024px\" \/><\/a><\/figure><\/div>\n<\/div>\n<\/div>\n","protected":false},"excerpt":{"rendered":"<p>Das Drehen ist ein Prozess der Metallverarbeitung durch Entfernen von Partikeln, die Rotationen rotierender Oberfl\u00e4chen (Walzenprodukte) erzeugen. Es wird an Werkzeugmaschinen mit Drehmaschinen durchgef\u00fchrt. Das Werkst\u00fcck f\u00fchrt die Hauptbewegung aus, w\u00e4hrend das Werkzeug Scher-, Vorbereitungs- und F\u00f6rderbewegungen ausf\u00fchrt. Das Drehen kann auf verschiedene Arten unterteilt werden: je nach Form der gedrehten Fl\u00e4che, je nach Position [&hellip;]<\/p>\n","protected":false},"author":1,"featured_media":0,"parent":0,"menu_order":0,"comment_status":"closed","ping_status":"closed","template":"","meta":{"footnotes":""},"categories":[],"tags":[],"class_list":["post-11236","page","type-page","status-publish","hentry"],"_links":{"self":[{"href":"https:\/\/ltt.hr\/deutsch\/wp-json\/wp\/v2\/pages\/11236","targetHints":{"allow":["GET"]}}],"collection":[{"href":"https:\/\/ltt.hr\/deutsch\/wp-json\/wp\/v2\/pages"}],"about":[{"href":"https:\/\/ltt.hr\/deutsch\/wp-json\/wp\/v2\/types\/page"}],"author":[{"embeddable":true,"href":"https:\/\/ltt.hr\/deutsch\/wp-json\/wp\/v2\/users\/1"}],"replies":[{"embeddable":true,"href":"https:\/\/ltt.hr\/deutsch\/wp-json\/wp\/v2\/comments?post=11236"}],"version-history":[{"count":13,"href":"https:\/\/ltt.hr\/deutsch\/wp-json\/wp\/v2\/pages\/11236\/revisions"}],"predecessor-version":[{"id":11357,"href":"https:\/\/ltt.hr\/deutsch\/wp-json\/wp\/v2\/pages\/11236\/revisions\/11357"}],"wp:attachment":[{"href":"https:\/\/ltt.hr\/deutsch\/wp-json\/wp\/v2\/media?parent=11236"}],"wp:term":[{"taxonomy":"category","embeddable":true,"href":"https:\/\/ltt.hr\/deutsch\/wp-json\/wp\/v2\/categories?post=11236"},{"taxonomy":"post_tag","embeddable":true,"href":"https:\/\/ltt.hr\/deutsch\/wp-json\/wp\/v2\/tags?post=11236"}],"curies":[{"name":"wp","href":"https:\/\/api.w.org\/{rel}","templated":true}]}}